{"id":19,"date":"2018-06-26T06:45:17","date_gmt":"2018-06-26T06:45:17","guid":{"rendered":"http:\/\/carbon-cleaner.hu\/?page_id=19"},"modified":"2020-02-05T15:10:20","modified_gmt":"2020-02-05T15:10:20","slug":"kapcsolat","status":"publish","type":"page","link":"https:\/\/carbon-cleaner.hu\/?page_id=19","title":{"rendered":"Kapcsolat"},"content":{"rendered":"<p><img loading=\"lazy\" class=\"wp-image-350 aligncenter\" src=\"http:\/\/carbon-cleaner.hu\/wp-content\/uploads\/2019\/06\/contact-us-1014232_960_720-640x191-300x90.png\" alt=\"\" width=\"427\" height=\"128\" srcset=\"https:\/\/carbon-cleaner.hu\/wp-content\/uploads\/2019\/06\/contact-us-1014232_960_720-640x191-300x90.png 300w, https:\/\/carbon-cleaner.hu\/wp-content\/uploads\/2019\/06\/contact-us-1014232_960_720-640x191.png 640w\" sizes=\"(max-width: 427px) 100vw, 427px\" \/><\/p>\n<p style=\"text-align: center;\">Tel.:+36 70 420 5501<br \/>E-mail: info@carbon-cleaner.hu<br \/>E-mail: carboncleanerhungary@gmail.com<br \/>C\u00edm: 1237 Budapest , K\u00f6ves \u00fat 188<\/p>\n<p>\u00a0\u00a0\u00a0\u00a0\u00a0\u00a0\u00a0\u00a0\u00a0\u00a0\u00a0\u00a0\u00a0\u00a0\u00a0\u00a0\u00a0\u00a0\u00a0\u00a0\u00a0\u00a0\u00a0\u00a0\u00a0\u00a0\u00a0\u00a0\u00a0\u00a0\u00a0\u00a0\u00a0\u00a0\u00a0\u00a0\u00a0\u00a0\u00a0 Carbon Claner Hungary Kft<\/p>\n<p>\u00a0\u00a0\u00a0\u00a0\u00a0\u00a0\u00a0\u00a0\u00a0\u00a0\u00a0\u00a0\u00a0\u00a0\u00a0\u00a0\u00a0\u00a0\u00a0\u00a0\u00a0\u00a0\u00a0\u00a0\u00a0\u00a0\u00a0\u00a0\u00a0\u00a0\u00a0\u00a0\u00a0\u00a0\u00a0\u00a0\u00a0\u00a0\u00a0\u00a0 Ad\u00f3sz\u00e1m: 26686309-2-14<\/p>\n<p style=\"text-align: center;\"><\/p>\n<p style=\"text-align: center;\"><iframe loading=\"lazy\" width=\"100%\" height=\"600\" style=\"border: 0;\" src=\"https:\/\/www.google.com\/maps\/embed?pb=!1m18!1m12!1m3!1d2699.7698938128583!2d19.139175715623928!3d47.41642927917255!2m3!1f0!2f0!3f0!3m2!1i1024!2i768!4f13.1!3m3!1m2!1s0x4741e82cb76e158f%3A0x83d95a8f0e0807ca!2zQnVkYXBlc3QsIEvDtnZlcyDDunQgMTg4LCAxMjM3!5e0!3m2!1shu!2shu!4v1560074646770!5m2!1shu!2shu\" allowfullscreen=\"allowfullscreen\" frameborder=\"0\"><\/iframe><\/p>\n<p style=\"text-align: center;\">Tov\u00e1bbi inform\u00e1ci\u00f3\u00e9rt k\u00e9rj\u00fck l\u00e9pjen vel\u00fcnk kapcsolatba:<\/p>\n\n\n<p class=\"has-text-align-center\">\n\n<div class=\"wpforms-container wpforms-container-full\" id=\"wpforms-344\"><form id=\"wpforms-form-344\" class=\"wpforms-validate wpforms-form\" data-formid=\"344\" method=\"post\" enctype=\"multipart\/form-data\" action=\"\/index.php?rest_route=%2Fwp%2Fv2%2Fpages%2F19\" data-token=\"567622c030141ddede50c2f6d26b13fd\" data-token-time=\"1778430280\"><noscript class=\"wpforms-error-noscript\">Please enable JavaScript in your browser to complete this form.<\/noscript><div class=\"wpforms-field-container\"><div id=\"wpforms-344-field_0-container\" class=\"wpforms-field wpforms-field-name\" data-field-id=\"0\"><label class=\"wpforms-field-label\" for=\"wpforms-344-field_0\">N\u00e9v <span class=\"wpforms-required-label\">*<\/span><\/label><input type=\"text\" id=\"wpforms-344-field_0\" class=\"wpforms-field-medium wpforms-field-required\" name=\"wpforms[fields][0]\" required><\/div><div id=\"wpforms-344-field_1-container\" class=\"wpforms-field wpforms-field-email\" data-field-id=\"1\"><label class=\"wpforms-field-label\" for=\"wpforms-344-field_1\">Email <span class=\"wpforms-required-label\">*<\/span><\/label><input type=\"email\" id=\"wpforms-344-field_1\" class=\"wpforms-field-medium wpforms-field-required\" name=\"wpforms[fields][1]\" spellcheck=\"false\" required><\/div><div id=\"wpforms-344-field_3-container\" class=\"wpforms-field wpforms-field-text\" data-field-id=\"3\"><label class=\"wpforms-field-label\" for=\"wpforms-344-field_3\">T\u00e1rgy<\/label><input type=\"text\" id=\"wpforms-344-field_3\" class=\"wpforms-field-medium\" name=\"wpforms[fields][3]\" ><\/div><div id=\"wpforms-344-field_2-container\" class=\"wpforms-field wpforms-field-textarea\" data-field-id=\"2\"><label class=\"wpforms-field-label\" for=\"wpforms-344-field_2\">\u00dczenet<\/label><textarea id=\"wpforms-344-field_2\" class=\"wpforms-field-medium\" name=\"wpforms[fields][2]\" ><\/textarea><\/div><\/div><!-- .wpforms-field-container --><div class=\"wpforms-field wpforms-field-hp\"><label for=\"wpforms-344-field-hp\" class=\"wpforms-field-label\">Phone<\/label><input type=\"text\" name=\"wpforms[hp]\" id=\"wpforms-344-field-hp\" class=\"wpforms-field-medium\"><\/div><div class=\"wpforms-submit-container\" ><input type=\"hidden\" name=\"wpforms[id]\" value=\"344\"><input type=\"hidden\" name=\"page_title\" value=\"\"><input type=\"hidden\" name=\"page_url\" value=\"https:\/\/carbon-cleaner.hu\/index.php?rest_route=\/wp\/v2\/pages\/19\"><input type=\"hidden\" name=\"url_referer\" value=\"\"><button type=\"submit\" name=\"wpforms[submit]\" id=\"wpforms-submit-344\" class=\"wpforms-submit\" data-alt-text=\"K\u00fcld\u00e9s...\" data-submit-text=\"K\u00fcld\u00e9s\" aria-live=\"assertive\" value=\"wpforms-submit\">K\u00fcld\u00e9s<\/button><\/div><\/form><\/div>  <!-- .wpforms-container -->\n\n<\/p>\n","protected":false},"excerpt":{"rendered":"<p>Tel.:+36 70 420 5501E-mail: info@carbon-cleaner.huE-mail: carboncleanerhungary@gmail.comC\u00edm: 1237 Budapest , K\u00f6ves \u00fat 188 \u00a0\u00a0\u00a0\u00a0\u00a0\u00a0\u00a0\u00a0\u00a0\u00a0\u00a0\u00a0\u00a0\u00a0\u00a0\u00a0\u00a0\u00a0\u00a0\u00a0\u00a0\u00a0\u00a0\u00a0\u00a0\u00a0\u00a0\u00a0\u00a0\u00a0\u00a0\u00a0\u00a0\u00a0\u00a0\u00a0\u00a0\u00a0\u00a0 Carbon Claner Hungary Kft \u00a0\u00a0\u00a0\u00a0\u00a0\u00a0\u00a0\u00a0\u00a0\u00a0\u00a0\u00a0\u00a0\u00a0\u00a0\u00a0\u00a0\u00a0\u00a0\u00a0\u00a0\u00a0\u00a0\u00a0\u00a0\u00a0\u00a0\u00a0\u00a0\u00a0\u00a0\u00a0\u00a0\u00a0\u00a0\u00a0\u00a0\u00a0\u00a0\u00a0 Ad\u00f3sz\u00e1m: 26686309-2-14 Tov\u00e1bbi inform\u00e1ci\u00f3\u00e9rt k\u00e9rj\u00fck l\u00e9pjen vel\u00fcnk kapcsolatba:<\/p>\n","protected":false},"author":2,"featured_media":0,"parent":0,"menu_order":3,"comment_status":"closed","ping_status":"closed","template":"page-templates\/template-fullwidth.php","meta":[],"_links":{"self":[{"href":"https:\/\/carbon-cleaner.hu\/index.php?rest_route=\/wp\/v2\/pages\/19"}],"collection":[{"href":"https:\/\/carbon-cleaner.hu\/index.php?rest_route=\/wp\/v2\/pages"}],"about":[{"href":"https:\/\/carbon-cleaner.hu\/index.php?rest_route=\/wp\/v2\/types\/page"}],"author":[{"embeddable":true,"href":"https:\/\/carbon-cleaner.hu\/index.php?rest_route=\/wp\/v2\/users\/2"}],"replies":[{"embeddable":true,"href":"https:\/\/carbon-cleaner.hu\/index.php?rest_route=%2Fwp%2Fv2%2Fcomments&post=19"}],"version-history":[{"count":52,"href":"https:\/\/carbon-cleaner.hu\/index.php?rest_route=\/wp\/v2\/pages\/19\/revisions"}],"predecessor-version":[{"id":939,"href":"https:\/\/carbon-cleaner.hu\/index.php?rest_route=\/wp\/v2\/pages\/19\/revisions\/939"}],"wp:attachment":[{"href":"https:\/\/carbon-cleaner.hu\/index.php?rest_route=%2Fwp%2Fv2%2Fmedia&parent=19"}],"curies":[{"name":"wp","href":"https:\/\/api.w.org\/{rel}","templated":true}]}}